{"id":6,"date":"2018-11-11T01:42:27","date_gmt":"2018-11-11T00:42:27","guid":{"rendered":"https:\/\/jbsystem.com.pl\/?page_id=6"},"modified":"2020-01-29T23:47:13","modified_gmt":"2020-01-29T22:47:13","slug":"glowna","status":"publish","type":"page","link":"https:\/\/jbsystem.com.pl\/pl\/","title":{"rendered":"G\u0142\u00f3wna"},"content":{"rendered":"<p style=\"text-align: justify;\">Firma JBSystem istnieje na rynku IT od 2015 roku. \u015awiadczymy us\u0142ugi zar\u00f3wno osobom prywatnym jak i ma\u0142ym oraz \u015brednim przedsi\u0119biorstwom. Przedmiotem dzia\u0142alno\u015bci JBSystem s\u0105 us\u0142ugi programistyczne, tworzenie stron www, sklep\u00f3w oraz serwis\u00f3w internetowych. Pomo\u017cemy w dobraniu odpowiedniego hostingu oraz domeny. Mamy do\u015bwiadczenie w tworzeniu dedykowanych do potrzeb klienta system\u00f3w ERP.<\/p>\n<p style=\"text-align: justify;\">Zajmujemy si\u0119 instalacj\u0105 i rozbudow\u0105 przewodowych oraz bezprzewodowych sieci komputerowych. Oferujemy kompleksow\u0105\u00a0opiek\u0119 informatyczn\u0105: serwis komputerowy, instalacja oraz konfiguracja urz\u0105dze\u0144 biurowych, doradztwo przy wyborze oprogramowania i sprz\u0119tu.<\/p>\n<p style=\"text-align: justify;\">JBSystem\u00a0 zapewnia us\u0142ugi na najwy\u017cszym poziomie.\u00a0Us\u0142ugi dostosowujemy do indywidualnych potrzeb.\u00a0Budujemy sta\u0142e relacje z klientem.\u00a0\u00a0Zapraszamy do wsp\u00f3\u0142pracy.<\/p>\n","protected":false},"excerpt":{"rendered":"<p>Firma JBSystem istnieje na rynku IT od 2015 roku. \u015awiadczymy us\u0142ugi zar\u00f3wno osobom prywatnym jak i ma\u0142ym oraz \u015brednim przedsi\u0119biorstwom. Przedmiotem dzia\u0142alno\u015bci JBSystem s\u0105 us\u0142ugi programistyczne, tworzenie stron www, sklep\u00f3w oraz serwis\u00f3w internetowych. Pomo\u017cemy w dobraniu odpowiedniego hostingu oraz domeny. Mamy do\u015bwiadczenie w tworzeniu dedykowanych do potrzeb klienta system\u00f3w ERP. Zajmujemy si\u0119 instalacj\u0105 i rozbudow\u0105&nbsp;&hellip;<\/p>\n","protected":false},"author":1,"featured_media":0,"parent":0,"menu_order":0,"comment_status":"closed","ping_status":"closed","template":"page-templates\/homepage.php","meta":[],"_links":{"self":[{"href":"https:\/\/jbsystem.com.pl\/pl\/wp-json\/wp\/v2\/pages\/6"}],"collection":[{"href":"https:\/\/jbsystem.com.pl\/pl\/wp-json\/wp\/v2\/pages"}],"about":[{"href":"https:\/\/jbsystem.com.pl\/pl\/wp-json\/wp\/v2\/types\/page"}],"author":[{"embeddable":true,"href":"https:\/\/jbsystem.com.pl\/pl\/wp-json\/wp\/v2\/users\/1"}],"replies":[{"embeddable":true,"href":"https:\/\/jbsystem.com.pl\/pl\/wp-json\/wp\/v2\/comments?post=6"}],"version-history":[{"count":9,"href":"https:\/\/jbsystem.com.pl\/pl\/wp-json\/wp\/v2\/pages\/6\/revisions"}],"predecessor-version":[{"id":177,"href":"https:\/\/jbsystem.com.pl\/pl\/wp-json\/wp\/v2\/pages\/6\/revisions\/177"}],"wp:attachment":[{"href":"https:\/\/jbsystem.com.pl\/pl\/wp-json\/wp\/v2\/media?parent=6"}],"curies":[{"name":"wp","href":"https:\/\/api.w.org\/{rel}","templated":true}]}}