{"id":41,"date":"2019-02-07T23:48:14","date_gmt":"2019-02-07T22:48:14","guid":{"rendered":"https:\/\/jbsystem.com.pl\/?page_id=41"},"modified":"2020-03-28T14:26:07","modified_gmt":"2020-03-28T13:26:07","slug":"oferta","status":"publish","type":"page","link":"https:\/\/jbsystem.com.pl\/pl\/oferta\/","title":{"rendered":"Oferta"},"content":{"rendered":"<p><span style=\"font-size: 14pt;\">Programowanie i strony internetowe:<\/span><\/p>\n<ul>\n<li>tworzenie i modyfikacja blog\u00f3w, stron oraz sklep\u00f3w internetowych,<\/li>\n<li>programowanie webowych aplikacji, system\u00f3w ERP,<\/li>\n<li>konfiguracja, modyfikacja WordPress&#8217;a oraz wtyczek do WordPress&#8217;a,<\/li>\n<li>inne us\u0142ugi programistyczne.<\/li>\n<\/ul>\n<p>&nbsp;<\/p>\n<p><span style=\"font-size: 14pt;\">Wsparcie dla przedsi\u0119biorstw oraz klient\u00f3w indywidualnych:<\/span><\/p>\n<ul>\n<li>wsparcie przy kupowaniu hostingu i domen &#8211; konfiguracji,<\/li>\n<li>instalacja certyfikat\u00f3w SSL,<\/li>\n<li>szkolenia z obs\u0142ugi komputera, program\u00f3w biurowych.<\/li>\n<\/ul>\n<p>&nbsp;<\/p>\n<p><span style=\"font-size: 14pt;\">Sieci komputerowe:<\/span><\/p>\n<ul>\n<li>budowa, modyfikacja, rozbudowa sieci,<\/li>\n<li>konfiguracja modemu, routera, access point-u, repeater-a, a tak\u017ce\u00a0 innych urz\u0105dze\u0144 sieciowych.<\/li>\n<\/ul>\n<p>&nbsp;<\/p>\n<p><span style=\"font-size: 14pt;\">Serwis:<\/span><\/p>\n<ul>\n<li>instalacja i konfiguracja system\u00f3w operacyjnych, program\u00f3w komputerowych,<\/li>\n<li>naprawa komputer\u00f3w,<\/li>\n<li>czyszczenie komputer\u00f3w,<\/li>\n<li>czyszczenie system\u00f3w operacyjnych,<\/li>\n<li>instalacja i konfiguracja urz\u0105dze\u0144 biurowych.<\/li>\n<\/ul>\n","protected":false},"excerpt":{"rendered":"<p>Programowanie i strony internetowe: tworzenie i modyfikacja blog\u00f3w, stron oraz sklep\u00f3w internetowych, programowanie webowych aplikacji, system\u00f3w ERP, konfiguracja, modyfikacja WordPress&#8217;a oraz wtyczek do WordPress&#8217;a, inne us\u0142ugi programistyczne. &nbsp; Wsparcie dla przedsi\u0119biorstw oraz klient\u00f3w indywidualnych: wsparcie przy kupowaniu hostingu i domen &#8211; konfiguracji, instalacja certyfikat\u00f3w SSL, szkolenia z obs\u0142ugi komputera, program\u00f3w biurowych. &nbsp; Sieci komputerowe: budowa,&nbsp;&hellip;<\/p>\n","protected":false},"author":1,"featured_media":0,"parent":0,"menu_order":0,"comment_status":"closed","ping_status":"closed","template":"","meta":[],"_links":{"self":[{"href":"https:\/\/jbsystem.com.pl\/pl\/wp-json\/wp\/v2\/pages\/41"}],"collection":[{"href":"https:\/\/jbsystem.com.pl\/pl\/wp-json\/wp\/v2\/pages"}],"about":[{"href":"https:\/\/jbsystem.com.pl\/pl\/wp-json\/wp\/v2\/types\/page"}],"author":[{"embeddable":true,"href":"https:\/\/jbsystem.com.pl\/pl\/wp-json\/wp\/v2\/users\/1"}],"replies":[{"embeddable":true,"href":"https:\/\/jbsystem.com.pl\/pl\/wp-json\/wp\/v2\/comments?post=41"}],"version-history":[{"count":16,"href":"https:\/\/jbsystem.com.pl\/pl\/wp-json\/wp\/v2\/pages\/41\/revisions"}],"predecessor-version":[{"id":114,"href":"https:\/\/jbsystem.com.pl\/pl\/wp-json\/wp\/v2\/pages\/41\/revisions\/114"}],"wp:attachment":[{"href":"https:\/\/jbsystem.com.pl\/pl\/wp-json\/wp\/v2\/media?parent=41"}],"curies":[{"name":"wp","href":"https:\/\/api.w.org\/{rel}","templated":true}]}}